

{"id":8937,"date":"2023-05-16T12:08:24","date_gmt":"2023-05-16T12:08:24","guid":{"rendered":"https:\/\/pdnorthern.com\/sobre-nos\/"},"modified":"2026-04-30T13:11:52","modified_gmt":"2026-04-30T13:11:52","slug":"sobre-nos","status":"publish","type":"page","link":"https:\/\/pdnorthern.com\/pt-pt\/sobre-nos\/","title":{"rendered":"Sobre n\u00f3s"},"content":{"rendered":"\n<p>Fornecedor de a\u00e7o h\u00e1 mais de 53 anos.<\/p>\n\n\n\n<p>A P &amp; D Northern Steels \u00e9 uma distribuidora de a\u00e7o especializada em chapas e placas de a\u00e7o laminado a frio com at\u00e9 500 mm de espessura.<\/p>\n\n\n\n<p>A partir do nosso vasto stock, podemos oferecer uma variedade de tipos de chapas estruturais que incluem MISC, 43A\/S275JR-S275NL, S355-S355NL, S460-S460NL e tipos de chapas especializadas, tais como chapas com elevado teor de carbono (EN8\/C.45), para vasos de press\u00e3o (ASTM A516 GR 60 &amp; 70 \/ P275NL-P355NL1\/NL2), resistentes ao desgaste (400HB-450HB-500HB) e de alta resist\u00eancia (S690QL \/ QL1 \/ RQT 701), todas em tamanhos padr\u00e3o e\/ou n\u00e3o padr\u00e3o.<\/p>\n\n\n\n<p>Oferecemos servi\u00e7os de corte internos para garantir que os nossos clientes recebem o material no tamanho necess\u00e1rio, visando a economia de escala e a redu\u00e7\u00e3o de desperd\u00edcios. Testes adicionais de a\u00e7o tamb\u00e9m est\u00e3o dispon\u00edveis mediante pedido. <\/p>\n\n\n\n<p>Com o nosso vasto conhecimento e mais de 53 anos de experi\u00eancia comercial, a P &amp; D Northern Steels Ltd tem a capacidade de fornecer qualquer necessidade de a\u00e7o que possa ter, seja a partir do stock existente ou de laminados de f\u00e1brica, atrav\u00e9s da nossa extensa rede global de a\u00e7o, oferecendo solu\u00e7\u00f5es para o Reino Unido, Irlanda e outros pa\u00edses.<\/p>\n\n\n\n<p>A empresa est\u00e1 localizada em Oldham, na \u00e1rea metropolitana de Manchester, com excelentes liga\u00e7\u00f5es \u00e0 rede de autoestradas do Reino Unido, o que nos permite oferecer entregas fi\u00e1veis \u200b\u200bem todo o pa\u00eds a todos os nossos clientes; entregas no mesmo dia ou no dia seguinte s\u00e3o frequentemente poss\u00edveis. Isto permite-nos servir clientes em Manchester e Liverpool, em todo o Reino Unido e na Europa continental.<\/p>\n","protected":false},"excerpt":{"rendered":"<p>Fornecedor de a\u00e7o h\u00e1 mais de 53 anos. A P &amp; D Northern Steels \u00e9 uma distribuidora de a\u00e7o especializada em chapas e placas de a\u00e7o laminado a frio com at\u00e9 500 mm de espessura. A partir do nosso vasto stock, podemos oferecer uma variedade de tipos de chapas estruturais que incluem MISC, 43A\/S275JR-S275NL, S355-S355NL,&#8230; Read more<\/p>\n","protected":false},"author":1,"featured_media":0,"parent":0,"menu_order":0,"comment_status":"closed","ping_status":"closed","template":"thumbnail-header-template.php","meta":{"_acf_changed":false,"footnotes":""},"class_list":["post-8937","page","type-page","status-publish","hentry"],"acf":[],"yoast_head":"<!-- This site is optimized with the Yoast SEO plugin v26.8 - https:\/\/yoast.com\/product\/yoast-seo-wordpress\/ -->\n<title>About P&amp;D Northern Steels | \u00d3ptimos pre\u00e7os | Entrega r\u00e1pida<\/title>\n<meta name=\"description\" content=\"P&amp;D Northern Steels \u00e9 uma empresa que oferece chapa e servi\u00e7os de qualidade no mercado do a\u00e7o h\u00e1 mais de 53 anos.\" \/>\n<meta name=\"robots\" content=\"index, follow, max-snippet:-1, max-image-preview:large, max-video-preview:-1\" \/>\n<link rel=\"canonical\" href=\"https:\/\/pdnorthern.com\/pt-pt\/sobre-nos\/\" \/>\n<meta property=\"og:locale\" content=\"pt_PT\" \/>\n<meta property=\"og:type\" content=\"article\" \/>\n<meta property=\"og:title\" content=\"About P&amp;D Northern Steels | \u00d3ptimos pre\u00e7os | Entrega r\u00e1pida\" \/>\n<meta property=\"og:description\" content=\"P&amp;D Northern Steels \u00e9 uma empresa que oferece chapa e servi\u00e7os de qualidade no mercado do a\u00e7o h\u00e1 mais de 53 anos.\" \/>\n<meta property=\"og:url\" content=\"https:\/\/pdnorthern.com\/pt-pt\/sobre-nos\/\" \/>\n<meta property=\"og:site_name\" content=\"P &amp; D Northern Steels\" \/>\n<meta property=\"article:publisher\" content=\"https:\/\/www.facebook.com\/pdnorthernsteels\/\" \/>\n<meta property=\"article:modified_time\" content=\"2026-04-30T13:11:52+00:00\" \/>\n<meta name=\"twitter:card\" content=\"summary_large_image\" \/>\n<meta name=\"twitter:site\" content=\"@PDNorthernSteel\" \/>\n<meta name=\"twitter:label1\" content=\"Tempo estimado de leitura\" \/>\n\t<meta name=\"twitter:data1\" content=\"2 minutos\" \/>\n<script type=\"application\/ld+json\" class=\"yoast-schema-graph\">{\"@context\":\"https:\/\/schema.org\",\"@graph\":[{\"@type\":\"WebPage\",\"@id\":\"https:\/\/pdnorthern.com\/pt-pt\/sobre-nos\/\",\"url\":\"https:\/\/pdnorthern.com\/pt-pt\/sobre-nos\/\",\"name\":\"About P&D Northern Steels | \u00d3ptimos pre\u00e7os | Entrega r\u00e1pida\",\"isPartOf\":{\"@id\":\"https:\/\/pdnorthern.com\/pt-pt\/#website\"},\"datePublished\":\"2023-05-16T12:08:24+00:00\",\"dateModified\":\"2026-04-30T13:11:52+00:00\",\"description\":\"P&D Northern Steels \u00e9 uma empresa que oferece chapa e servi\u00e7os de qualidade no mercado do a\u00e7o h\u00e1 mais de 53 anos.\",\"breadcrumb\":{\"@id\":\"https:\/\/pdnorthern.com\/pt-pt\/sobre-nos\/#breadcrumb\"},\"inLanguage\":\"pt-PT\",\"potentialAction\":[{\"@type\":\"ReadAction\",\"target\":[\"https:\/\/pdnorthern.com\/pt-pt\/sobre-nos\/\"]}]},{\"@type\":\"BreadcrumbList\",\"@id\":\"https:\/\/pdnorthern.com\/pt-pt\/sobre-nos\/#breadcrumb\",\"itemListElement\":[{\"@type\":\"ListItem\",\"position\":1,\"name\":\"Home\",\"item\":\"https:\/\/pdnorthern.com\/pt-pt\/\"},{\"@type\":\"ListItem\",\"position\":2,\"name\":\"Sobre n\u00f3s\"}]},{\"@type\":\"WebSite\",\"@id\":\"https:\/\/pdnorthern.com\/pt-pt\/#website\",\"url\":\"https:\/\/pdnorthern.com\/pt-pt\/\",\"name\":\"P & D Northern Steels\",\"description\":\"Fornecedor de a\u00e7o\",\"potentialAction\":[{\"@type\":\"SearchAction\",\"target\":{\"@type\":\"EntryPoint\",\"urlTemplate\":\"https:\/\/pdnorthern.com\/pt-pt\/?s={search_term_string}\"},\"query-input\":{\"@type\":\"PropertyValueSpecification\",\"valueRequired\":true,\"valueName\":\"search_term_string\"}}],\"inLanguage\":\"pt-PT\"}]}<\/script>\n<!-- \/ Yoast SEO plugin. -->","yoast_head_json":{"title":"About P&D Northern Steels | \u00d3ptimos pre\u00e7os | Entrega r\u00e1pida","description":"P&D Northern Steels \u00e9 uma empresa que oferece chapa e servi\u00e7os de qualidade no mercado do a\u00e7o h\u00e1 mais de 53 anos.","robots":{"index":"index","follow":"follow","max-snippet":"max-snippet:-1","max-image-preview":"max-image-preview:large","max-video-preview":"max-video-preview:-1"},"canonical":"https:\/\/pdnorthern.com\/pt-pt\/sobre-nos\/","og_locale":"pt_PT","og_type":"article","og_title":"About P&D Northern Steels | \u00d3ptimos pre\u00e7os | Entrega r\u00e1pida","og_description":"P&D Northern Steels \u00e9 uma empresa que oferece chapa e servi\u00e7os de qualidade no mercado do a\u00e7o h\u00e1 mais de 53 anos.","og_url":"https:\/\/pdnorthern.com\/pt-pt\/sobre-nos\/","og_site_name":"P &amp; D Northern Steels","article_publisher":"https:\/\/www.facebook.com\/pdnorthernsteels\/","article_modified_time":"2026-04-30T13:11:52+00:00","twitter_card":"summary_large_image","twitter_site":"@PDNorthernSteel","twitter_misc":{"Tempo estimado de leitura":"2 minutos"},"schema":{"@context":"https:\/\/schema.org","@graph":[{"@type":"WebPage","@id":"https:\/\/pdnorthern.com\/pt-pt\/sobre-nos\/","url":"https:\/\/pdnorthern.com\/pt-pt\/sobre-nos\/","name":"About P&D Northern Steels | \u00d3ptimos pre\u00e7os | Entrega r\u00e1pida","isPartOf":{"@id":"https:\/\/pdnorthern.com\/pt-pt\/#website"},"datePublished":"2023-05-16T12:08:24+00:00","dateModified":"2026-04-30T13:11:52+00:00","description":"P&D Northern Steels \u00e9 uma empresa que oferece chapa e servi\u00e7os de qualidade no mercado do a\u00e7o h\u00e1 mais de 53 anos.","breadcrumb":{"@id":"https:\/\/pdnorthern.com\/pt-pt\/sobre-nos\/#breadcrumb"},"inLanguage":"pt-PT","potentialAction":[{"@type":"ReadAction","target":["https:\/\/pdnorthern.com\/pt-pt\/sobre-nos\/"]}]},{"@type":"BreadcrumbList","@id":"https:\/\/pdnorthern.com\/pt-pt\/sobre-nos\/#breadcrumb","itemListElement":[{"@type":"ListItem","position":1,"name":"Home","item":"https:\/\/pdnorthern.com\/pt-pt\/"},{"@type":"ListItem","position":2,"name":"Sobre n\u00f3s"}]},{"@type":"WebSite","@id":"https:\/\/pdnorthern.com\/pt-pt\/#website","url":"https:\/\/pdnorthern.com\/pt-pt\/","name":"P & D Northern Steels","description":"Fornecedor de a\u00e7o","potentialAction":[{"@type":"SearchAction","target":{"@type":"EntryPoint","urlTemplate":"https:\/\/pdnorthern.com\/pt-pt\/?s={search_term_string}"},"query-input":{"@type":"PropertyValueSpecification","valueRequired":true,"valueName":"search_term_string"}}],"inLanguage":"pt-PT"}]}},"_links":{"self":[{"href":"https:\/\/pdnorthern.com\/pt-pt\/wp-json\/wp\/v2\/pages\/8937","targetHints":{"allow":["GET"]}}],"collection":[{"href":"https:\/\/pdnorthern.com\/pt-pt\/wp-json\/wp\/v2\/pages"}],"about":[{"href":"https:\/\/pdnorthern.com\/pt-pt\/wp-json\/wp\/v2\/types\/page"}],"author":[{"embeddable":true,"href":"https:\/\/pdnorthern.com\/pt-pt\/wp-json\/wp\/v2\/users\/1"}],"replies":[{"embeddable":true,"href":"https:\/\/pdnorthern.com\/pt-pt\/wp-json\/wp\/v2\/comments?post=8937"}],"version-history":[{"count":2,"href":"https:\/\/pdnorthern.com\/pt-pt\/wp-json\/wp\/v2\/pages\/8937\/revisions"}],"predecessor-version":[{"id":9314,"href":"https:\/\/pdnorthern.com\/pt-pt\/wp-json\/wp\/v2\/pages\/8937\/revisions\/9314"}],"wp:attachment":[{"href":"https:\/\/pdnorthern.com\/pt-pt\/wp-json\/wp\/v2\/media?parent=8937"}],"curies":[{"name":"wp","href":"https:\/\/api.w.org\/{rel}","templated":true}]}}