

{"id":8873,"date":"2023-04-14T13:15:29","date_gmt":"2023-04-14T13:15:29","guid":{"rendered":"https:\/\/pdnorthern.com\/fornecedor-de-aco\/"},"modified":"2026-01-05T12:21:00","modified_gmt":"2026-01-05T12:21:00","slug":"fornecedor-de-aco","status":"publish","type":"page","link":"https:\/\/pdnorthern.com\/pt-pt\/","title":{"rendered":"Fornecedor de a\u00e7o"},"content":{"rendered":"","protected":false},"excerpt":{"rendered":"","protected":false},"author":1,"featured_media":0,"parent":0,"menu_order":0,"comment_status":"closed","ping_status":"open","template":"homepage-template.php","meta":{"_acf_changed":false,"footnotes":""},"class_list":["post-8873","page","type-page","status-publish","hentry"],"acf":[],"yoast_head":"<!-- This site is optimized with the Yoast SEO plugin v26.8 - https:\/\/yoast.com\/product\/yoast-seo-wordpress\/ -->\n<title>Distribuidores e Fornecedores de A\u00e7o | P &amp; D Northern Steels<\/title>\n<meta name=\"description\" content=\"Fornecedora de a\u00e7o h\u00e1 53 anos, a P &amp; D Northern Steels pode atender a todas as suas necessidades de a\u00e7o. Entre em contato hoje mesmo.\" \/>\n<meta name=\"robots\" content=\"index, follow, max-snippet:-1, max-image-preview:large, max-video-preview:-1\" \/>\n<link rel=\"canonical\" href=\"https:\/\/pdnorthern.com\/pt-pt\/\" \/>\n<meta property=\"og:locale\" content=\"pt_PT\" \/>\n<meta property=\"og:type\" content=\"article\" \/>\n<meta property=\"og:title\" content=\"Distribuidores e Fornecedores de A\u00e7o | P &amp; D Northern Steels\" \/>\n<meta property=\"og:description\" content=\"Fornecedora de a\u00e7o h\u00e1 53 anos, a P &amp; D Northern Steels pode atender a todas as suas necessidades de a\u00e7o. Entre em contato hoje mesmo.\" \/>\n<meta property=\"og:url\" content=\"https:\/\/pdnorthern.com\/pt-pt\/\" \/>\n<meta property=\"og:site_name\" content=\"P &amp; D Northern Steels\" \/>\n<meta property=\"article:publisher\" content=\"https:\/\/www.facebook.com\/pdnorthernsteels\/\" \/>\n<meta property=\"article:modified_time\" content=\"2026-01-05T12:21:00+00:00\" \/>\n<meta name=\"twitter:card\" content=\"summary_large_image\" \/>\n<meta name=\"twitter:site\" content=\"@PDNorthernSteel\" \/>\n<meta name=\"twitter:label1\" content=\"Tempo estimado de leitura\" \/>\n\t<meta name=\"twitter:data1\" content=\"3 minutos\" \/>\n<script type=\"application\/ld+json\" class=\"yoast-schema-graph\">{\"@context\":\"https:\/\/schema.org\",\"@graph\":[{\"@type\":\"WebPage\",\"@id\":\"https:\/\/pdnorthern.com\/pt-pt\/\",\"url\":\"https:\/\/pdnorthern.com\/pt-pt\/\",\"name\":\"Distribuidores e Fornecedores de A\u00e7o | P & D Northern Steels\",\"isPartOf\":{\"@id\":\"https:\/\/pdnorthern.com\/pt-pt\/#website\"},\"datePublished\":\"2023-04-14T13:15:29+00:00\",\"dateModified\":\"2026-01-05T12:21:00+00:00\",\"description\":\"Fornecedora de a\u00e7o h\u00e1 53 anos, a P & D Northern Steels pode atender a todas as suas necessidades de a\u00e7o. Entre em contato hoje mesmo.\",\"breadcrumb\":{\"@id\":\"https:\/\/pdnorthern.com\/pt-pt\/#breadcrumb\"},\"inLanguage\":\"pt-PT\",\"potentialAction\":[{\"@type\":\"ReadAction\",\"target\":[\"https:\/\/pdnorthern.com\/pt-pt\/\"]}]},{\"@type\":\"BreadcrumbList\",\"@id\":\"https:\/\/pdnorthern.com\/pt-pt\/#breadcrumb\",\"itemListElement\":[{\"@type\":\"ListItem\",\"position\":1,\"name\":\"Home\",\"item\":\"https:\/\/pdnorthern.com\/pt-pt\/\"},{\"@type\":\"ListItem\",\"position\":2,\"name\":\"Fornecedor de a\u00e7o\"}]},{\"@type\":\"WebSite\",\"@id\":\"https:\/\/pdnorthern.com\/pt-pt\/#website\",\"url\":\"https:\/\/pdnorthern.com\/pt-pt\/\",\"name\":\"P & D Northern Steels\",\"description\":\"Fornecedor de a\u00e7o\",\"potentialAction\":[{\"@type\":\"SearchAction\",\"target\":{\"@type\":\"EntryPoint\",\"urlTemplate\":\"https:\/\/pdnorthern.com\/pt-pt\/?s={search_term_string}\"},\"query-input\":{\"@type\":\"PropertyValueSpecification\",\"valueRequired\":true,\"valueName\":\"search_term_string\"}}],\"inLanguage\":\"pt-PT\"}]}<\/script>\n<!-- \/ Yoast SEO plugin. -->","yoast_head_json":{"title":"Distribuidores e Fornecedores de A\u00e7o | P & D Northern Steels","description":"Fornecedora de a\u00e7o h\u00e1 53 anos, a P & D Northern Steels pode atender a todas as suas necessidades de a\u00e7o. Entre em contato hoje mesmo.","robots":{"index":"index","follow":"follow","max-snippet":"max-snippet:-1","max-image-preview":"max-image-preview:large","max-video-preview":"max-video-preview:-1"},"canonical":"https:\/\/pdnorthern.com\/pt-pt\/","og_locale":"pt_PT","og_type":"article","og_title":"Distribuidores e Fornecedores de A\u00e7o | P & D Northern Steels","og_description":"Fornecedora de a\u00e7o h\u00e1 53 anos, a P & D Northern Steels pode atender a todas as suas necessidades de a\u00e7o. Entre em contato hoje mesmo.","og_url":"https:\/\/pdnorthern.com\/pt-pt\/","og_site_name":"P &amp; D Northern Steels","article_publisher":"https:\/\/www.facebook.com\/pdnorthernsteels\/","article_modified_time":"2026-01-05T12:21:00+00:00","twitter_card":"summary_large_image","twitter_site":"@PDNorthernSteel","twitter_misc":{"Tempo estimado de leitura":"3 minutos"},"schema":{"@context":"https:\/\/schema.org","@graph":[{"@type":"WebPage","@id":"https:\/\/pdnorthern.com\/pt-pt\/","url":"https:\/\/pdnorthern.com\/pt-pt\/","name":"Distribuidores e Fornecedores de A\u00e7o | P & D Northern Steels","isPartOf":{"@id":"https:\/\/pdnorthern.com\/pt-pt\/#website"},"datePublished":"2023-04-14T13:15:29+00:00","dateModified":"2026-01-05T12:21:00+00:00","description":"Fornecedora de a\u00e7o h\u00e1 53 anos, a P & D Northern Steels pode atender a todas as suas necessidades de a\u00e7o. Entre em contato hoje mesmo.","breadcrumb":{"@id":"https:\/\/pdnorthern.com\/pt-pt\/#breadcrumb"},"inLanguage":"pt-PT","potentialAction":[{"@type":"ReadAction","target":["https:\/\/pdnorthern.com\/pt-pt\/"]}]},{"@type":"BreadcrumbList","@id":"https:\/\/pdnorthern.com\/pt-pt\/#breadcrumb","itemListElement":[{"@type":"ListItem","position":1,"name":"Home","item":"https:\/\/pdnorthern.com\/pt-pt\/"},{"@type":"ListItem","position":2,"name":"Fornecedor de a\u00e7o"}]},{"@type":"WebSite","@id":"https:\/\/pdnorthern.com\/pt-pt\/#website","url":"https:\/\/pdnorthern.com\/pt-pt\/","name":"P & D Northern Steels","description":"Fornecedor de a\u00e7o","potentialAction":[{"@type":"SearchAction","target":{"@type":"EntryPoint","urlTemplate":"https:\/\/pdnorthern.com\/pt-pt\/?s={search_term_string}"},"query-input":{"@type":"PropertyValueSpecification","valueRequired":true,"valueName":"search_term_string"}}],"inLanguage":"pt-PT"}]}},"_links":{"self":[{"href":"https:\/\/pdnorthern.com\/pt-pt\/wp-json\/wp\/v2\/pages\/8873","targetHints":{"allow":["GET"]}}],"collection":[{"href":"https:\/\/pdnorthern.com\/pt-pt\/wp-json\/wp\/v2\/pages"}],"about":[{"href":"https:\/\/pdnorthern.com\/pt-pt\/wp-json\/wp\/v2\/types\/page"}],"author":[{"embeddable":true,"href":"https:\/\/pdnorthern.com\/pt-pt\/wp-json\/wp\/v2\/users\/1"}],"replies":[{"embeddable":true,"href":"https:\/\/pdnorthern.com\/pt-pt\/wp-json\/wp\/v2\/comments?post=8873"}],"version-history":[{"count":2,"href":"https:\/\/pdnorthern.com\/pt-pt\/wp-json\/wp\/v2\/pages\/8873\/revisions"}],"predecessor-version":[{"id":8899,"href":"https:\/\/pdnorthern.com\/pt-pt\/wp-json\/wp\/v2\/pages\/8873\/revisions\/8899"}],"wp:attachment":[{"href":"https:\/\/pdnorthern.com\/pt-pt\/wp-json\/wp\/v2\/media?parent=8873"}],"curies":[{"name":"wp","href":"https:\/\/api.w.org\/{rel}","templated":true}]}}