

{"id":5607,"date":"2024-11-14T17:08:19","date_gmt":"2024-11-14T17:08:19","guid":{"rendered":"https:\/\/pdnorthern.com\/acionistas-de-aco\/"},"modified":"2025-03-18T16:44:01","modified_gmt":"2025-03-18T16:44:01","slug":"acionistas-de-aco","status":"publish","type":"page","link":"https:\/\/pdnorthern.com\/pt-pt\/acionistas-de-aco\/","title":{"rendered":"Acionistas de a\u00e7o"},"content":{"rendered":"\n<p>A P&amp;D Northern Steels \u00e9 um armazenista de a\u00e7o de confian\u00e7a, de propriedade familiar, com uma vasta experi\u00eancia que remonta a 1972. Com sede em Oldham, Manchester, oferecemos mais de cinco d\u00e9cadas de experi\u00eancia na ind\u00fastria do a\u00e7o, fornecendo um servi\u00e7o interno abrangente de corte de a\u00e7o para placas de v\u00e1rias espessuras. Trabalhamos numa variedade de sectores e oferecemos um servi\u00e7o personalizado para satisfazer as suas especifica\u00e7\u00f5es exactas. Quer se trate de uma pequena encomenda ou de um fornecimento de grande volume, a nossa equipa especializada de peritos da ind\u00fastria est\u00e1 pronta a ajudar. Contacta-nos hoje para obteres um or\u00e7amento competitivo e um servi\u00e7o personalizado que coloca as tuas necessidades em primeiro lugar.           <br\/><\/p>\n\n<h2 class=\"wp-block-heading\"><strong>Produtos de a\u00e7o de alta qualidade <\/strong><\/h2>\n\n<p>Como l\u00edder na ind\u00fastria <a href=\"https:\/\/pdnorthern.com\/about-p-and-d-northern-steels\/steel-stockist\/\">do a\u00e7o<\/a>, orgulhamo-nos de oferecer uma vasta gama de produtos de primeira qualidade concebidos para satisfazer as suas necessidades exactas. O nosso compromisso para com a qualidade significa que adquirimos apenas o melhor a\u00e7o, garantindo que cada produto que fornecemos \u00e9 constru\u00eddo para durar. Oferecemos os seguintes produtos:    <\/p>\n\n<ul class=\"wp-block-list\">\n<li><a href=\"https:\/\/pdnorthern.com\/category\/pressure-vessel-steel-supplier\/\">Vaso de press\u00e3o em a\u00e7o<\/a><\/li>\n\n\n\n<li><a href=\"https:\/\/pdnorthern.com\/category\/structural-steel-supplier\/\">A\u00e7o estrutural<\/a><\/li>\n\n\n\n<li><a href=\"https:\/\/pdnorthern.com\/category\/offshore-steel-supplier\/\">A\u00e7o Offshore<\/a><\/li>\n\n\n\n<li><a href=\"https:\/\/pdnorthern.com\/category\/high-carbon-steel-supplier\/\">A\u00e7o de alto carbono<\/a><\/li>\n\n\n\n<li><a href=\"https:\/\/pdnorthern.com\/category\/wear-plate-abrasion-resistant-steel-supplier\/\">Placa de corros\u00e3o &#8211; A\u00e7o resistente \u00e0 corros\u00e3o<\/a><\/li>\n\n\n\n<li><a href=\"https:\/\/pdnorthern.com\/category\/weathering-steel-supplier\/\">A\u00e7o resistente \u00e0s intemp\u00e9ries<\/a><\/li>\n\n\n\n<li><a href=\"https:\/\/pdnorthern.com\/category\/high-strength-steel-supplier\/\">A\u00e7o de alta resist\u00eancia<\/a><\/li>\n<\/ul>\n\n<figure class=\"wp-block-image size-full\"><img loading=\"lazy\" decoding=\"async\" width=\"600\" height=\"400\" src=\"https:\/\/pdnorthern.com\/wp-content\/uploads\/2024\/11\/steel-stockholders.webp\" alt=\"Acionistas da Steel\" class=\"wp-image-4955\" srcset=\"https:\/\/pdnorthern.com\/wp-content\/uploads\/2024\/11\/steel-stockholders.webp 600w, https:\/\/pdnorthern.com\/wp-content\/uploads\/2024\/11\/steel-stockholders-300x200.webp 300w\" sizes=\"auto, (max-width: 600px) 100vw, 600px\" \/><\/figure>\n\n<p><\/p>\n\n<h2 class=\"wp-block-heading\"><strong>Servi\u00e7o r\u00e1pido e fi\u00e1vel<\/strong><\/h2>\n\n<p>Ao longo dos anos, optimiz\u00e1mos os nossos servi\u00e7os simplificados e orientados para o cliente. Sendo duas das nossas principais prioridades a rapidez e a fiabilidade, os clientes de todo o Reino Unido est\u00e3o sempre satisfeitos com os <a href=\"https:\/\/pdnorthern.com\/services\/\">nossos servi\u00e7os<\/a>. Somos um fabricante de a\u00e7o que coloca o cliente em primeiro lugar. Exemplos de algumas das ind\u00fastrias onde fornecemos este servi\u00e7o personalizado incluem:      <\/p>\n\n<ul class=\"wp-block-list\">\n<li><a href=\"https:\/\/pdnorthern.com\/sectors\/steel-for-the-mining-industry\/\">Explora\u00e7\u00e3o<\/a> mineira: O a\u00e7o desempenha um papel crucial na extra\u00e7\u00e3o e processamento de minerais e recursos preciosos.<\/li>\n\n\n\n<li><a href=\"https:\/\/pdnorthern.com\/sectors\/steel-for-the-offshore-industry\/\">Estruturas mar\u00edtimas<\/a>: Como as estruturas desta ind\u00fastria t\u00eam de funcionar em algumas das condi\u00e7\u00f5es climat\u00e9ricas mais adversas, o a\u00e7o \u00e9 frequentemente a escolha preferida.  <\/li>\n\n\n\n<li><a href=\"https:\/\/pdnorthern.com\/sectors\/steel-for-the-construction-industry\/\">Constru\u00e7\u00e3o<\/a>: O a\u00e7o \u00e9 frequentemente utilizado para criar estruturas fortes e flex\u00edveis.  <\/li>\n\n\n\n<li><a href=\"https:\/\/pdnorthern.com\/sectors\/steel-for-the-quarrying-industry\/\">Pedreiras<\/a>: Todos os aspectos das pedreiras requerem estruturas duradouras que o nosso a\u00e7o pode fornecer.  <\/li>\n\n\n\n<li><a href=\"https:\/\/pdnorthern.com\/steel-for-the-nuclear-industry\/\">Energia nuclear<\/a>: Desde os recipientes dos reactores aos tubos e \u00e0 classifica\u00e7\u00e3o do combust\u00edvel, o a\u00e7o desempenha um papel crucial na ind\u00fastria nuclear.  <\/li>\n<\/ul>\n\n<h2 class=\"wp-block-heading\"><strong>Padr\u00f5es excepcionais<\/strong><\/h2>\n\n<p><br\/>Na P&amp;D Northern Steels, somos reconhecidos pelos nossos padr\u00f5es excepcionais. <a href=\"https:\/\/pdnorthern.com\/about-p-and-d-northern-steels\/quality\/\">Os nossos certificados de qualidade<\/a> mostram que a nossa vasta gama de produtos de a\u00e7o prov\u00e9m de fornecedores de confian\u00e7a e \u00e9 fabricada de acordo com os mais elevados padr\u00f5es da ind\u00fastria. Cada pe\u00e7a \u00e9 submetida a testes rigorosos para garantir a sua durabilidade e fiabilidade. Sendo uma empresa familiar, o nosso servi\u00e7o ao cliente dedica-se igualmente a fornecer orienta\u00e7\u00e3o especializada e capacidade de resposta.     <\/p>\n\n<h3 class=\"wp-block-heading\"><strong>Contacta-nos hoje  <\/strong><\/h3>\n\n<p>Como empresa l\u00edder no Reino Unido que opera h\u00e1 mais de 50 anos, a nossa equipa est\u00e1 pronta a fornecer-lhe todas as suas necessidades de a\u00e7o. Para falar com um dos nossos especialistas em a\u00e7o, liga para 01706 848811 ou preenche o formul\u00e1rio de contacto atrav\u00e9s do bot\u00e3o abaixo.     <\/p>\n\n<h3 class=\"wp-block-heading\"><strong>Mant\u00e9m-te a par dos \u00faltimos desenvolvimentos na \u00e1rea  <\/strong><\/h3>\n\n<p>Se estiveres interessado em saber o que se passa no mundo dos acionistas de a\u00e7o, consulta <a href=\"https:\/\/pdnorthern.com\/about-p-and-d-northern-steels\/blog\/\">o nosso blogue<\/a>. Em alternativa, temos uma p\u00e1gina de <a href=\"https:\/\/pdnorthern.com\/faqs\/\">FAQ<\/a> dedicada, onde s\u00e3o colocadas muitas das perguntas mais frequentes com respostas completas.   <\/p>\n\n<div class=\"wp-block-contact-form-7-contact-form-selector\"><p class=\"wpcf7-contact-form-not-found\"><strong>Erro:<\/strong> Formul\u00e1rio de contacto n\u00e3o encontrado.<\/p><\/div>\n","protected":false},"excerpt":{"rendered":"<p>A P&amp;D Northern Steels \u00e9 um armazenista de a\u00e7o de confian\u00e7a, de propriedade familiar, com uma vasta experi\u00eancia que remonta a 1972. Com sede em Oldham, Manchester, oferecemos mais de cinco d\u00e9cadas de experi\u00eancia na ind\u00fastria do a\u00e7o, fornecendo um servi\u00e7o interno abrangente de corte de a\u00e7o para placas de v\u00e1rias espessuras. Trabalhamos numa variedade&#8230; Read more<\/p>\n","protected":false},"author":7,"featured_media":0,"parent":0,"menu_order":0,"comment_status":"closed","ping_status":"closed","template":"","meta":{"_acf_changed":false,"footnotes":""},"class_list":["post-5607","page","type-page","status-publish","hentry"],"acf":[],"yoast_head":"<!-- This site is optimized with the Yoast SEO plugin v26.8 - https:\/\/yoast.com\/product\/yoast-seo-wordpress\/ -->\n<title>Acionistas de a\u00e7o - P &amp; D Northern Steels<\/title>\n<meta name=\"description\" content=\"Como um dos dos principais armazenistas de a\u00e7o do Reino Unido, a P&amp;D Northern Steels fornece uma entrega r\u00e1pida e fi\u00e1vel para todas as tuas necessidades de a\u00e7o. Contacta-nos hoje mesmo.\" \/>\n<meta name=\"robots\" content=\"index, follow, max-snippet:-1, max-image-preview:large, max-video-preview:-1\" \/>\n<link rel=\"canonical\" href=\"https:\/\/pdnorthern.com\/pt-pt\/acionistas-de-aco\/\" \/>\n<meta property=\"og:locale\" content=\"pt_PT\" \/>\n<meta property=\"og:type\" content=\"article\" \/>\n<meta property=\"og:title\" content=\"Acionistas de a\u00e7o - P &amp; D Northern Steels\" \/>\n<meta property=\"og:description\" content=\"Como um dos dos principais armazenistas de a\u00e7o do Reino Unido, a P&amp;D Northern Steels fornece uma entrega r\u00e1pida e fi\u00e1vel para todas as tuas necessidades de a\u00e7o. Contacta-nos hoje mesmo.\" \/>\n<meta property=\"og:url\" content=\"https:\/\/pdnorthern.com\/pt-pt\/acionistas-de-aco\/\" \/>\n<meta property=\"og:site_name\" content=\"P &amp; D Northern Steels\" \/>\n<meta property=\"article:publisher\" content=\"https:\/\/www.facebook.com\/pdnorthernsteels\/\" \/>\n<meta property=\"article:modified_time\" content=\"2025-03-18T16:44:01+00:00\" \/>\n<meta property=\"og:image\" content=\"https:\/\/pdnorthern.com\/wp-content\/uploads\/2024\/11\/steel-stockholders.webp\" \/>\n\t<meta property=\"og:image:width\" content=\"600\" \/>\n\t<meta property=\"og:image:height\" content=\"400\" \/>\n\t<meta property=\"og:image:type\" content=\"image\/webp\" \/>\n<meta name=\"twitter:card\" content=\"summary_large_image\" \/>\n<meta name=\"twitter:site\" content=\"@PDNorthernSteel\" \/>\n<meta name=\"twitter:label1\" content=\"Tempo estimado de leitura\" \/>\n\t<meta name=\"twitter:data1\" content=\"3 minutos\" \/>\n<script type=\"application\/ld+json\" class=\"yoast-schema-graph\">{\"@context\":\"https:\/\/schema.org\",\"@graph\":[{\"@type\":\"WebPage\",\"@id\":\"https:\/\/pdnorthern.com\/pt-pt\/acionistas-de-aco\/\",\"url\":\"https:\/\/pdnorthern.com\/pt-pt\/acionistas-de-aco\/\",\"name\":\"Acionistas de a\u00e7o - P &amp; D Northern Steels\",\"isPartOf\":{\"@id\":\"https:\/\/pdnorthern.com\/pt-pt\/#website\"},\"primaryImageOfPage\":{\"@id\":\"https:\/\/pdnorthern.com\/pt-pt\/acionistas-de-aco\/#primaryimage\"},\"image\":{\"@id\":\"https:\/\/pdnorthern.com\/pt-pt\/acionistas-de-aco\/#primaryimage\"},\"thumbnailUrl\":\"https:\/\/pdnorthern.com\/wp-content\/uploads\/2024\/11\/steel-stockholders.webp\",\"datePublished\":\"2024-11-14T17:08:19+00:00\",\"dateModified\":\"2025-03-18T16:44:01+00:00\",\"description\":\"Como um dos dos principais armazenistas de a\u00e7o do Reino Unido, a P&D Northern Steels fornece uma entrega r\u00e1pida e fi\u00e1vel para todas as tuas necessidades de a\u00e7o. Contacta-nos hoje mesmo.\",\"breadcrumb\":{\"@id\":\"https:\/\/pdnorthern.com\/pt-pt\/acionistas-de-aco\/#breadcrumb\"},\"inLanguage\":\"pt-PT\",\"potentialAction\":[{\"@type\":\"ReadAction\",\"target\":[\"https:\/\/pdnorthern.com\/pt-pt\/acionistas-de-aco\/\"]}]},{\"@type\":\"ImageObject\",\"inLanguage\":\"pt-PT\",\"@id\":\"https:\/\/pdnorthern.com\/pt-pt\/acionistas-de-aco\/#primaryimage\",\"url\":\"https:\/\/pdnorthern.com\/wp-content\/uploads\/2024\/11\/steel-stockholders.webp\",\"contentUrl\":\"https:\/\/pdnorthern.com\/wp-content\/uploads\/2024\/11\/steel-stockholders.webp\"},{\"@type\":\"BreadcrumbList\",\"@id\":\"https:\/\/pdnorthern.com\/pt-pt\/acionistas-de-aco\/#breadcrumb\",\"itemListElement\":[{\"@type\":\"ListItem\",\"position\":1,\"name\":\"Home\",\"item\":\"https:\/\/pdnorthern.com\/pt-pt\/\"},{\"@type\":\"ListItem\",\"position\":2,\"name\":\"Acionistas de a\u00e7o\"}]},{\"@type\":\"WebSite\",\"@id\":\"https:\/\/pdnorthern.com\/pt-pt\/#website\",\"url\":\"https:\/\/pdnorthern.com\/pt-pt\/\",\"name\":\"P & D Northern Steels\",\"description\":\"Fornecedor de a\u00e7o\",\"potentialAction\":[{\"@type\":\"SearchAction\",\"target\":{\"@type\":\"EntryPoint\",\"urlTemplate\":\"https:\/\/pdnorthern.com\/pt-pt\/?s={search_term_string}\"},\"query-input\":{\"@type\":\"PropertyValueSpecification\",\"valueRequired\":true,\"valueName\":\"search_term_string\"}}],\"inLanguage\":\"pt-PT\"}]}<\/script>\n<!-- \/ Yoast SEO plugin. -->","yoast_head_json":{"title":"Acionistas de a\u00e7o - P &amp; D Northern Steels","description":"Como um dos dos principais armazenistas de a\u00e7o do Reino Unido, a P&D Northern Steels fornece uma entrega r\u00e1pida e fi\u00e1vel para todas as tuas necessidades de a\u00e7o. Contacta-nos hoje mesmo.","robots":{"index":"index","follow":"follow","max-snippet":"max-snippet:-1","max-image-preview":"max-image-preview:large","max-video-preview":"max-video-preview:-1"},"canonical":"https:\/\/pdnorthern.com\/pt-pt\/acionistas-de-aco\/","og_locale":"pt_PT","og_type":"article","og_title":"Acionistas de a\u00e7o - P &amp; D Northern Steels","og_description":"Como um dos dos principais armazenistas de a\u00e7o do Reino Unido, a P&D Northern Steels fornece uma entrega r\u00e1pida e fi\u00e1vel para todas as tuas necessidades de a\u00e7o. Contacta-nos hoje mesmo.","og_url":"https:\/\/pdnorthern.com\/pt-pt\/acionistas-de-aco\/","og_site_name":"P &amp; D Northern Steels","article_publisher":"https:\/\/www.facebook.com\/pdnorthernsteels\/","article_modified_time":"2025-03-18T16:44:01+00:00","og_image":[{"width":600,"height":400,"url":"https:\/\/pdnorthern.com\/wp-content\/uploads\/2024\/11\/steel-stockholders.webp","type":"image\/webp"}],"twitter_card":"summary_large_image","twitter_site":"@PDNorthernSteel","twitter_misc":{"Tempo estimado de leitura":"3 minutos"},"schema":{"@context":"https:\/\/schema.org","@graph":[{"@type":"WebPage","@id":"https:\/\/pdnorthern.com\/pt-pt\/acionistas-de-aco\/","url":"https:\/\/pdnorthern.com\/pt-pt\/acionistas-de-aco\/","name":"Acionistas de a\u00e7o - P &amp; D Northern Steels","isPartOf":{"@id":"https:\/\/pdnorthern.com\/pt-pt\/#website"},"primaryImageOfPage":{"@id":"https:\/\/pdnorthern.com\/pt-pt\/acionistas-de-aco\/#primaryimage"},"image":{"@id":"https:\/\/pdnorthern.com\/pt-pt\/acionistas-de-aco\/#primaryimage"},"thumbnailUrl":"https:\/\/pdnorthern.com\/wp-content\/uploads\/2024\/11\/steel-stockholders.webp","datePublished":"2024-11-14T17:08:19+00:00","dateModified":"2025-03-18T16:44:01+00:00","description":"Como um dos dos principais armazenistas de a\u00e7o do Reino Unido, a P&D Northern Steels fornece uma entrega r\u00e1pida e fi\u00e1vel para todas as tuas necessidades de a\u00e7o. Contacta-nos hoje mesmo.","breadcrumb":{"@id":"https:\/\/pdnorthern.com\/pt-pt\/acionistas-de-aco\/#breadcrumb"},"inLanguage":"pt-PT","potentialAction":[{"@type":"ReadAction","target":["https:\/\/pdnorthern.com\/pt-pt\/acionistas-de-aco\/"]}]},{"@type":"ImageObject","inLanguage":"pt-PT","@id":"https:\/\/pdnorthern.com\/pt-pt\/acionistas-de-aco\/#primaryimage","url":"https:\/\/pdnorthern.com\/wp-content\/uploads\/2024\/11\/steel-stockholders.webp","contentUrl":"https:\/\/pdnorthern.com\/wp-content\/uploads\/2024\/11\/steel-stockholders.webp"},{"@type":"BreadcrumbList","@id":"https:\/\/pdnorthern.com\/pt-pt\/acionistas-de-aco\/#breadcrumb","itemListElement":[{"@type":"ListItem","position":1,"name":"Home","item":"https:\/\/pdnorthern.com\/pt-pt\/"},{"@type":"ListItem","position":2,"name":"Acionistas de a\u00e7o"}]},{"@type":"WebSite","@id":"https:\/\/pdnorthern.com\/pt-pt\/#website","url":"https:\/\/pdnorthern.com\/pt-pt\/","name":"P & D Northern Steels","description":"Fornecedor de a\u00e7o","potentialAction":[{"@type":"SearchAction","target":{"@type":"EntryPoint","urlTemplate":"https:\/\/pdnorthern.com\/pt-pt\/?s={search_term_string}"},"query-input":{"@type":"PropertyValueSpecification","valueRequired":true,"valueName":"search_term_string"}}],"inLanguage":"pt-PT"}]}},"_links":{"self":[{"href":"https:\/\/pdnorthern.com\/pt-pt\/wp-json\/wp\/v2\/pages\/5607","targetHints":{"allow":["GET"]}}],"collection":[{"href":"https:\/\/pdnorthern.com\/pt-pt\/wp-json\/wp\/v2\/pages"}],"about":[{"href":"https:\/\/pdnorthern.com\/pt-pt\/wp-json\/wp\/v2\/types\/page"}],"author":[{"embeddable":true,"href":"https:\/\/pdnorthern.com\/pt-pt\/wp-json\/wp\/v2\/users\/7"}],"replies":[{"embeddable":true,"href":"https:\/\/pdnorthern.com\/pt-pt\/wp-json\/wp\/v2\/comments?post=5607"}],"version-history":[{"count":2,"href":"https:\/\/pdnorthern.com\/pt-pt\/wp-json\/wp\/v2\/pages\/5607\/revisions"}],"predecessor-version":[{"id":6261,"href":"https:\/\/pdnorthern.com\/pt-pt\/wp-json\/wp\/v2\/pages\/5607\/revisions\/6261"}],"wp:attachment":[{"href":"https:\/\/pdnorthern.com\/pt-pt\/wp-json\/wp\/v2\/media?parent=5607"}],"curies":[{"name":"wp","href":"https:\/\/api.w.org\/{rel}","templated":true}]}}