

{"id":8939,"date":"2023-05-16T12:08:24","date_gmt":"2023-05-16T12:08:24","guid":{"rendered":"https:\/\/pdnorthern.com\/a-propos-de-nous\/"},"modified":"2026-01-27T10:42:05","modified_gmt":"2026-01-27T10:42:05","slug":"a-propos-de-nous","status":"publish","type":"page","link":"https:\/\/pdnorthern.com\/fr\/a-propos-de-nous\/","title":{"rendered":"A propos de nous"},"content":{"rendered":"\n<p>Les actionnaires de l&rsquo;acier depuis plus de 53 ans<\/p>\n\n<p>P &amp; D Northern Steels est un <a href=\"https:\/\/pdnorthern.com\/steel-stockholders\/\">stockeur d&rsquo;acier<\/a> sp\u00e9cialis\u00e9 dans les plaques et t\u00f4les d&rsquo;acier de laminoir \u00e0 froid d&rsquo;une \u00e9paisseur allant jusqu&rsquo;\u00e0 500 mm.<\/p>\n\n<p>Gr\u00e2ce \u00e0 notre stock important, nous pouvons vous proposer une vari\u00e9t\u00e9 de nuances de t\u00f4les structurales, notamment MISC, 43A\/S275JR-S275NL, S355-S355NL, S460-S460NL et des nuances de t\u00f4les sp\u00e9cialis\u00e9es telles que les t\u00f4les \u00e0 haute teneur en carbone (EN8\/C.45), les t\u00f4les pour appareils \u00e0 pression (ASTM A516 GR 60 &amp; 70 \/ P275NL-P355NL1\/NL2), les t\u00f4les r\u00e9sistantes \u00e0 l&rsquo;usure (400HB-450HB-500HB) et les t\u00f4les \u00e0 haute r\u00e9sistance (S690QL \/ QL1 \/ RQT 701), le tout dans des dimensions standard et\/ou non standard.<\/p>\n\n<p>Nous proposons des services de d\u00e9coupe en interne afin de garantir \u00e0 nos clients un stock de la taille requise, dans le but d&rsquo;offrir une \u00e9conomie de taille et de r\u00e9duire les pertes. Des essais suppl\u00e9mentaires sur l&rsquo;acier sont \u00e9galement disponibles sur demande. <\/p>\n\n<p>Fort de ses connaissances et de ses 53 ans d&rsquo;exp\u00e9rience commerciale, P &amp; D Northern Steels Ltd est en mesure de r\u00e9pondre \u00e0 tous vos besoins en acier, qu&rsquo;il s&rsquo;agisse de stocks existants ou de rouleaux de laminoir, gr\u00e2ce \u00e0 son vaste r\u00e9seau mondial d&rsquo;acier qui offre des solutions au Royaume-Uni, \u00e0 l&rsquo;Irlande et au-del\u00e0.<\/p>\n\n<p>L&rsquo;entreprise est situ\u00e9e \u00e0 Oldham, dans le Grand Manchester, et b\u00e9n\u00e9ficie d&rsquo;excellentes liaisons avec le r\u00e9seau autoroutier britannique, ce qui nous permet d&rsquo;offrir \u00e0 tous nos clients des livraisons fiables \u00e0 l&rsquo;\u00e9chelle nationale ; les livraisons le jour m\u00eame et le lendemain sont souvent possibles. Nous pouvons ainsi servir nos clients \u00e0 <a href=\"https:\/\/pdnorthern.com\/blog\/steel-stockholder-manchester\/\">Manchester<\/a> et \u00e0 <a href=\"https:\/\/pdnorthern.com\/blog\/steel-stockholder-liverpool\/\">Liverpool<\/a>, dans tout le Royaume-Uni et en Europe continentale. <\/p>\n","protected":false},"excerpt":{"rendered":"<p>Les actionnaires de l&rsquo;acier depuis plus de 53 ans P &amp; D Northern Steels est un stockeur d&rsquo;acier sp\u00e9cialis\u00e9 dans les plaques et t\u00f4les d&rsquo;acier de laminoir \u00e0 froid d&rsquo;une \u00e9paisseur allant jusqu&rsquo;\u00e0 500 mm. Gr\u00e2ce \u00e0 notre stock important, nous pouvons vous proposer une vari\u00e9t\u00e9 de nuances de t\u00f4les structurales, notamment MISC, 43A\/S275JR-S275NL, S355-S355NL,&#8230; Read more<\/p>\n","protected":false},"author":1,"featured_media":0,"parent":0,"menu_order":0,"comment_status":"closed","ping_status":"closed","template":"thumbnail-header-template.php","meta":{"_acf_changed":false,"footnotes":""},"class_list":["post-8939","page","type-page","status-publish","hentry"],"acf":[],"yoast_head":"<!-- This site is optimized with the Yoast SEO plugin v26.8 - https:\/\/yoast.com\/product\/yoast-seo-wordpress\/ -->\n<title>A propos de P&amp;D Northern Steels | Excellents prix | Livraison rapide<\/title>\n<meta name=\"description\" content=\"P&amp;D Northern Steels est une entreprise qui propose des plaques et des services de qualit\u00e9 sur le march\u00e9 britannique de l&#039;acier depuis plus de 53 ans.\" \/>\n<meta name=\"robots\" content=\"index, follow, max-snippet:-1, max-image-preview:large, max-video-preview:-1\" \/>\n<link rel=\"canonical\" href=\"https:\/\/pdnorthern.com\/fr\/a-propos-de-nous\/\" \/>\n<meta property=\"og:locale\" content=\"fr_FR\" \/>\n<meta property=\"og:type\" content=\"article\" \/>\n<meta property=\"og:title\" content=\"A propos de P&amp;D Northern Steels | Excellents prix | Livraison rapide\" \/>\n<meta property=\"og:description\" content=\"P&amp;D Northern Steels est une entreprise qui propose des plaques et des services de qualit\u00e9 sur le march\u00e9 britannique de l&#039;acier depuis plus de 53 ans.\" \/>\n<meta property=\"og:url\" content=\"https:\/\/pdnorthern.com\/fr\/a-propos-de-nous\/\" \/>\n<meta property=\"og:site_name\" content=\"P &amp; D Northern Steels\" \/>\n<meta property=\"article:publisher\" content=\"https:\/\/www.facebook.com\/pdnorthernsteels\/\" \/>\n<meta property=\"article:modified_time\" content=\"2026-01-27T10:42:05+00:00\" \/>\n<meta name=\"twitter:card\" content=\"summary_large_image\" \/>\n<meta name=\"twitter:site\" content=\"@PDNorthernSteel\" \/>\n<meta name=\"twitter:label1\" content=\"Dur\u00e9e de lecture estim\u00e9e\" \/>\n\t<meta name=\"twitter:data1\" content=\"1 minute\" \/>\n<script type=\"application\/ld+json\" class=\"yoast-schema-graph\">{\"@context\":\"https:\/\/schema.org\",\"@graph\":[{\"@type\":\"WebPage\",\"@id\":\"https:\/\/pdnorthern.com\/fr\/a-propos-de-nous\/\",\"url\":\"https:\/\/pdnorthern.com\/fr\/a-propos-de-nous\/\",\"name\":\"A propos de P&D Northern Steels | Excellents prix | Livraison rapide\",\"isPartOf\":{\"@id\":\"https:\/\/pdnorthern.com\/fr\/#website\"},\"datePublished\":\"2023-05-16T12:08:24+00:00\",\"dateModified\":\"2026-01-27T10:42:05+00:00\",\"description\":\"P&D Northern Steels est une entreprise qui propose des plaques et des services de qualit\u00e9 sur le march\u00e9 britannique de l'acier depuis plus de 53 ans.\",\"breadcrumb\":{\"@id\":\"https:\/\/pdnorthern.com\/fr\/a-propos-de-nous\/#breadcrumb\"},\"inLanguage\":\"fr-FR\",\"potentialAction\":[{\"@type\":\"ReadAction\",\"target\":[\"https:\/\/pdnorthern.com\/fr\/a-propos-de-nous\/\"]}]},{\"@type\":\"BreadcrumbList\",\"@id\":\"https:\/\/pdnorthern.com\/fr\/a-propos-de-nous\/#breadcrumb\",\"itemListElement\":[{\"@type\":\"ListItem\",\"position\":1,\"name\":\"Home\",\"item\":\"https:\/\/pdnorthern.com\/fr\/actionnaires-de-lacier\/\"},{\"@type\":\"ListItem\",\"position\":2,\"name\":\"A propos de nous\"}]},{\"@type\":\"WebSite\",\"@id\":\"https:\/\/pdnorthern.com\/fr\/#website\",\"url\":\"https:\/\/pdnorthern.com\/fr\/\",\"name\":\"P & D Northern Steels\",\"description\":\"Fournisseur d&#039;acier\",\"potentialAction\":[{\"@type\":\"SearchAction\",\"target\":{\"@type\":\"EntryPoint\",\"urlTemplate\":\"https:\/\/pdnorthern.com\/fr\/?s={search_term_string}\"},\"query-input\":{\"@type\":\"PropertyValueSpecification\",\"valueRequired\":true,\"valueName\":\"search_term_string\"}}],\"inLanguage\":\"fr-FR\"}]}<\/script>\n<!-- \/ Yoast SEO plugin. -->","yoast_head_json":{"title":"A propos de P&D Northern Steels | Excellents prix | Livraison rapide","description":"P&D Northern Steels est une entreprise qui propose des plaques et des services de qualit\u00e9 sur le march\u00e9 britannique de l'acier depuis plus de 53 ans.","robots":{"index":"index","follow":"follow","max-snippet":"max-snippet:-1","max-image-preview":"max-image-preview:large","max-video-preview":"max-video-preview:-1"},"canonical":"https:\/\/pdnorthern.com\/fr\/a-propos-de-nous\/","og_locale":"fr_FR","og_type":"article","og_title":"A propos de P&D Northern Steels | Excellents prix | Livraison rapide","og_description":"P&D Northern Steels est une entreprise qui propose des plaques et des services de qualit\u00e9 sur le march\u00e9 britannique de l'acier depuis plus de 53 ans.","og_url":"https:\/\/pdnorthern.com\/fr\/a-propos-de-nous\/","og_site_name":"P &amp; D Northern Steels","article_publisher":"https:\/\/www.facebook.com\/pdnorthernsteels\/","article_modified_time":"2026-01-27T10:42:05+00:00","twitter_card":"summary_large_image","twitter_site":"@PDNorthernSteel","twitter_misc":{"Dur\u00e9e de lecture estim\u00e9e":"1 minute"},"schema":{"@context":"https:\/\/schema.org","@graph":[{"@type":"WebPage","@id":"https:\/\/pdnorthern.com\/fr\/a-propos-de-nous\/","url":"https:\/\/pdnorthern.com\/fr\/a-propos-de-nous\/","name":"A propos de P&D Northern Steels | Excellents prix | Livraison rapide","isPartOf":{"@id":"https:\/\/pdnorthern.com\/fr\/#website"},"datePublished":"2023-05-16T12:08:24+00:00","dateModified":"2026-01-27T10:42:05+00:00","description":"P&D Northern Steels est une entreprise qui propose des plaques et des services de qualit\u00e9 sur le march\u00e9 britannique de l'acier depuis plus de 53 ans.","breadcrumb":{"@id":"https:\/\/pdnorthern.com\/fr\/a-propos-de-nous\/#breadcrumb"},"inLanguage":"fr-FR","potentialAction":[{"@type":"ReadAction","target":["https:\/\/pdnorthern.com\/fr\/a-propos-de-nous\/"]}]},{"@type":"BreadcrumbList","@id":"https:\/\/pdnorthern.com\/fr\/a-propos-de-nous\/#breadcrumb","itemListElement":[{"@type":"ListItem","position":1,"name":"Home","item":"https:\/\/pdnorthern.com\/fr\/actionnaires-de-lacier\/"},{"@type":"ListItem","position":2,"name":"A propos de nous"}]},{"@type":"WebSite","@id":"https:\/\/pdnorthern.com\/fr\/#website","url":"https:\/\/pdnorthern.com\/fr\/","name":"P & D Northern Steels","description":"Fournisseur d&#039;acier","potentialAction":[{"@type":"SearchAction","target":{"@type":"EntryPoint","urlTemplate":"https:\/\/pdnorthern.com\/fr\/?s={search_term_string}"},"query-input":{"@type":"PropertyValueSpecification","valueRequired":true,"valueName":"search_term_string"}}],"inLanguage":"fr-FR"}]}},"_links":{"self":[{"href":"https:\/\/pdnorthern.com\/fr\/wp-json\/wp\/v2\/pages\/8939","targetHints":{"allow":["GET"]}}],"collection":[{"href":"https:\/\/pdnorthern.com\/fr\/wp-json\/wp\/v2\/pages"}],"about":[{"href":"https:\/\/pdnorthern.com\/fr\/wp-json\/wp\/v2\/types\/page"}],"author":[{"embeddable":true,"href":"https:\/\/pdnorthern.com\/fr\/wp-json\/wp\/v2\/users\/1"}],"replies":[{"embeddable":true,"href":"https:\/\/pdnorthern.com\/fr\/wp-json\/wp\/v2\/comments?post=8939"}],"version-history":[{"count":1,"href":"https:\/\/pdnorthern.com\/fr\/wp-json\/wp\/v2\/pages\/8939\/revisions"}],"predecessor-version":[{"id":8940,"href":"https:\/\/pdnorthern.com\/fr\/wp-json\/wp\/v2\/pages\/8939\/revisions\/8940"}],"wp:attachment":[{"href":"https:\/\/pdnorthern.com\/fr\/wp-json\/wp\/v2\/media?parent=8939"}],"curies":[{"name":"wp","href":"https:\/\/api.w.org\/{rel}","templated":true}]}}