

{"id":8840,"date":"2023-04-14T13:15:29","date_gmt":"2023-04-14T13:15:29","guid":{"rendered":"https:\/\/pdnorthern.com\/actionnaires-de-lacier\/"},"modified":"2025-12-18T08:28:37","modified_gmt":"2025-12-18T08:28:37","slug":"actionnaires-de-lacier","status":"publish","type":"page","link":"https:\/\/pdnorthern.com\/fr\/","title":{"rendered":"Actionnaires de l&rsquo;acier"},"content":{"rendered":"","protected":false},"excerpt":{"rendered":"","protected":false},"author":1,"featured_media":0,"parent":0,"menu_order":0,"comment_status":"closed","ping_status":"open","template":"homepage-template.php","meta":{"_acf_changed":false,"footnotes":""},"class_list":["post-8840","page","type-page","status-publish","hentry"],"acf":[],"yoast_head":"<!-- This site is optimized with the Yoast SEO plugin v26.8 - https:\/\/yoast.com\/product\/yoast-seo-wordpress\/ -->\n<title>D\u00e9tenteurs d&#039;acier et fournisseurs d&#039;acier | P &amp; D Northern Steels<\/title>\n<meta name=\"description\" content=\"Stockeurs et fournisseurs d&#039;acier depuis 53 ans, P &amp; D Northern Steels peut r\u00e9pondre \u00e0 tous vos besoins en acier. Prenez contact avec nous d\u00e8s aujourd&#039;hui.\" \/>\n<meta name=\"robots\" content=\"index, follow, max-snippet:-1, max-image-preview:large, max-video-preview:-1\" \/>\n<link rel=\"canonical\" href=\"https:\/\/pdnorthern.com\/fr\/\" \/>\n<meta property=\"og:locale\" content=\"fr_FR\" \/>\n<meta property=\"og:type\" content=\"article\" \/>\n<meta property=\"og:title\" content=\"D\u00e9tenteurs d&#039;acier et fournisseurs d&#039;acier | P &amp; D Northern Steels\" \/>\n<meta property=\"og:description\" content=\"Stockeurs et fournisseurs d&#039;acier depuis 53 ans, P &amp; D Northern Steels peut r\u00e9pondre \u00e0 tous vos besoins en acier. Prenez contact avec nous d\u00e8s aujourd&#039;hui.\" \/>\n<meta property=\"og:url\" content=\"https:\/\/pdnorthern.com\/fr\/\" \/>\n<meta property=\"og:site_name\" content=\"P &amp; D Northern Steels\" \/>\n<meta property=\"article:publisher\" content=\"https:\/\/www.facebook.com\/pdnorthernsteels\/\" \/>\n<meta property=\"article:modified_time\" content=\"2025-12-18T08:28:37+00:00\" \/>\n<meta name=\"twitter:card\" content=\"summary_large_image\" \/>\n<meta name=\"twitter:site\" content=\"@PDNorthernSteel\" \/>\n<script type=\"application\/ld+json\" class=\"yoast-schema-graph\">{\"@context\":\"https:\/\/schema.org\",\"@graph\":[{\"@type\":\"WebPage\",\"@id\":\"https:\/\/pdnorthern.com\/fr\/\",\"url\":\"https:\/\/pdnorthern.com\/fr\/\",\"name\":\"D\u00e9tenteurs d'acier et fournisseurs d'acier | P & D Northern Steels\",\"isPartOf\":{\"@id\":\"https:\/\/pdnorthern.com\/fr\/#website\"},\"datePublished\":\"2023-04-14T13:15:29+00:00\",\"dateModified\":\"2025-12-18T08:28:37+00:00\",\"description\":\"Stockeurs et fournisseurs d'acier depuis 53 ans, P & D Northern Steels peut r\u00e9pondre \u00e0 tous vos besoins en acier. Prenez contact avec nous d\u00e8s aujourd'hui.\",\"breadcrumb\":{\"@id\":\"https:\/\/pdnorthern.com\/fr\/#breadcrumb\"},\"inLanguage\":\"fr-FR\",\"potentialAction\":[{\"@type\":\"ReadAction\",\"target\":[\"https:\/\/pdnorthern.com\/fr\/\"]}]},{\"@type\":\"BreadcrumbList\",\"@id\":\"https:\/\/pdnorthern.com\/fr\/#breadcrumb\",\"itemListElement\":[{\"@type\":\"ListItem\",\"position\":1,\"name\":\"Home\",\"item\":\"https:\/\/pdnorthern.com\/fr\/actionnaires-de-lacier\/\"},{\"@type\":\"ListItem\",\"position\":2,\"name\":\"Actionnaires de l&rsquo;acier\"}]},{\"@type\":\"WebSite\",\"@id\":\"https:\/\/pdnorthern.com\/fr\/#website\",\"url\":\"https:\/\/pdnorthern.com\/fr\/\",\"name\":\"P & D Northern Steels\",\"description\":\"Fournisseur d&#039;acier\",\"potentialAction\":[{\"@type\":\"SearchAction\",\"target\":{\"@type\":\"EntryPoint\",\"urlTemplate\":\"https:\/\/pdnorthern.com\/fr\/?s={search_term_string}\"},\"query-input\":{\"@type\":\"PropertyValueSpecification\",\"valueRequired\":true,\"valueName\":\"search_term_string\"}}],\"inLanguage\":\"fr-FR\"}]}<\/script>\n<!-- \/ Yoast SEO plugin. -->","yoast_head_json":{"title":"D\u00e9tenteurs d'acier et fournisseurs d'acier | P & D Northern Steels","description":"Stockeurs et fournisseurs d'acier depuis 53 ans, P & D Northern Steels peut r\u00e9pondre \u00e0 tous vos besoins en acier. Prenez contact avec nous d\u00e8s aujourd'hui.","robots":{"index":"index","follow":"follow","max-snippet":"max-snippet:-1","max-image-preview":"max-image-preview:large","max-video-preview":"max-video-preview:-1"},"canonical":"https:\/\/pdnorthern.com\/fr\/","og_locale":"fr_FR","og_type":"article","og_title":"D\u00e9tenteurs d'acier et fournisseurs d'acier | P & D Northern Steels","og_description":"Stockeurs et fournisseurs d'acier depuis 53 ans, P & D Northern Steels peut r\u00e9pondre \u00e0 tous vos besoins en acier. Prenez contact avec nous d\u00e8s aujourd'hui.","og_url":"https:\/\/pdnorthern.com\/fr\/","og_site_name":"P &amp; D Northern Steels","article_publisher":"https:\/\/www.facebook.com\/pdnorthernsteels\/","article_modified_time":"2025-12-18T08:28:37+00:00","twitter_card":"summary_large_image","twitter_site":"@PDNorthernSteel","schema":{"@context":"https:\/\/schema.org","@graph":[{"@type":"WebPage","@id":"https:\/\/pdnorthern.com\/fr\/","url":"https:\/\/pdnorthern.com\/fr\/","name":"D\u00e9tenteurs d'acier et fournisseurs d'acier | P & D Northern Steels","isPartOf":{"@id":"https:\/\/pdnorthern.com\/fr\/#website"},"datePublished":"2023-04-14T13:15:29+00:00","dateModified":"2025-12-18T08:28:37+00:00","description":"Stockeurs et fournisseurs d'acier depuis 53 ans, P & D Northern Steels peut r\u00e9pondre \u00e0 tous vos besoins en acier. Prenez contact avec nous d\u00e8s aujourd'hui.","breadcrumb":{"@id":"https:\/\/pdnorthern.com\/fr\/#breadcrumb"},"inLanguage":"fr-FR","potentialAction":[{"@type":"ReadAction","target":["https:\/\/pdnorthern.com\/fr\/"]}]},{"@type":"BreadcrumbList","@id":"https:\/\/pdnorthern.com\/fr\/#breadcrumb","itemListElement":[{"@type":"ListItem","position":1,"name":"Home","item":"https:\/\/pdnorthern.com\/fr\/actionnaires-de-lacier\/"},{"@type":"ListItem","position":2,"name":"Actionnaires de l&rsquo;acier"}]},{"@type":"WebSite","@id":"https:\/\/pdnorthern.com\/fr\/#website","url":"https:\/\/pdnorthern.com\/fr\/","name":"P & D Northern Steels","description":"Fournisseur d&#039;acier","potentialAction":[{"@type":"SearchAction","target":{"@type":"EntryPoint","urlTemplate":"https:\/\/pdnorthern.com\/fr\/?s={search_term_string}"},"query-input":{"@type":"PropertyValueSpecification","valueRequired":true,"valueName":"search_term_string"}}],"inLanguage":"fr-FR"}]}},"_links":{"self":[{"href":"https:\/\/pdnorthern.com\/fr\/wp-json\/wp\/v2\/pages\/8840","targetHints":{"allow":["GET"]}}],"collection":[{"href":"https:\/\/pdnorthern.com\/fr\/wp-json\/wp\/v2\/pages"}],"about":[{"href":"https:\/\/pdnorthern.com\/fr\/wp-json\/wp\/v2\/types\/page"}],"author":[{"embeddable":true,"href":"https:\/\/pdnorthern.com\/fr\/wp-json\/wp\/v2\/users\/1"}],"replies":[{"embeddable":true,"href":"https:\/\/pdnorthern.com\/fr\/wp-json\/wp\/v2\/comments?post=8840"}],"version-history":[{"count":5,"href":"https:\/\/pdnorthern.com\/fr\/wp-json\/wp\/v2\/pages\/8840\/revisions"}],"predecessor-version":[{"id":8869,"href":"https:\/\/pdnorthern.com\/fr\/wp-json\/wp\/v2\/pages\/8840\/revisions\/8869"}],"wp:attachment":[{"href":"https:\/\/pdnorthern.com\/fr\/wp-json\/wp\/v2\/media?parent=8840"}],"curies":[{"name":"wp","href":"https:\/\/api.w.org\/{rel}","templated":true}]}}