

{"id":8827,"date":"2023-05-16T12:08:24","date_gmt":"2023-05-16T12:08:24","guid":{"rendered":"https:\/\/pdnorthern.com\/sobre-nosotras\/"},"modified":"2025-12-11T14:14:03","modified_gmt":"2025-12-11T14:14:03","slug":"sobre-nosotras","status":"publish","type":"page","link":"https:\/\/pdnorthern.com\/es\/sobre-nosotras\/","title":{"rendered":"Sobre nosotras"},"content":{"rendered":"\n<p>Proveedor de acero desde hace m\u00e1s de 53 a\u00f1os<\/p>\n\n<p>P &amp; D Northern Steels es un <a href=\"https:\/\/pdnorthern.com\/es\/steel-stockholders\/\">accionista de acero<\/a> especializado en placas y l\u00e1minas de acero para laminaci\u00f3n reversible de hasta 500 mm de espesor.<\/p>\n\n<p>De nuestro amplio stock, podemos ofrecer una variedad de calidades de placas estructurales que incluyen MISC, 43A\/S275JR-S275NL, S355-S355NL, S460-S460NL y calidades de placas especializadas como alto carbono (EN8\/C.45), recipiente a presi\u00f3n (ASTM A516 GR 60 y 70 \/ P275NL-P355NL1\/NL2), resistente al desgaste (400HB-450HB-500HB) y alta resistencia (S690QL \/ QL1 \/ RQT 701), todas en tama\u00f1os de stock est\u00e1ndar y\/o no est\u00e1ndar.<\/p>\n\n<p>Ofrecemos servicios de corte internos para garantizar que nuestros clientes reciban el material en el tama\u00f1o requerido, con el objetivo de optimizar el tama\u00f1o y reducir el desperdicio. Tambi\u00e9n ofrecemos pruebas de acero adicionales previa solicitud. <\/p>\n\n<p>Con nuestra gran riqueza de conocimientos y m\u00e1s de 53 a\u00f1os de experiencia comercial, P &amp; D Northern Steels Ltd tiene la capacidad de satisfacer cualquier necesidad de acero que pueda tener, ya sea a partir de existencias existentes o de laminados de trenes de laminaci\u00f3n, a trav\u00e9s de nuestra extensa red mundial de acero que ofrece soluciones de acero para el Reino Unido, Irlanda y m\u00e1s all\u00e1.<\/p>\n\n<p>La empresa est\u00e1 ubicada en Oldham, Gran M\u00e1nchester, con excelentes conexiones a la red de autopistas del Reino Unido, lo que nos permite ofrecer entregas fiables a nivel nacional a todos nuestros clientes; a menudo, podemos realizar entregas el mismo d\u00eda o al d\u00eda siguiente. Esto nos permite atender a clientes en <a href=\"https:\/\/pdnorthern.com\/blog\/steel-stockholder-manchester\/\">M\u00e1nchester <\/a>y <a href=\"https:\/\/pdnorthern.com\/blog\/steel-stockholder-liverpool\/\">Liverpool<\/a>, en todo el Reino Unido y en Europa continental. <\/p>\n","protected":false},"excerpt":{"rendered":"<p>Proveedor de acero desde hace m\u00e1s de 53 a\u00f1os P &amp; D Northern Steels es un accionista de acero especializado en placas y l\u00e1minas de acero para laminaci\u00f3n reversible de hasta 500 mm de espesor. De nuestro amplio stock, podemos ofrecer una variedad de calidades de placas estructurales que incluyen MISC, 43A\/S275JR-S275NL, S355-S355NL, S460-S460NL y&#8230; Read more<\/p>\n","protected":false},"author":1,"featured_media":0,"parent":0,"menu_order":0,"comment_status":"closed","ping_status":"closed","template":"thumbnail-header-template.php","meta":{"_acf_changed":false,"footnotes":""},"class_list":["post-8827","page","type-page","status-publish","hentry"],"acf":[],"yoast_head":"<!-- This site is optimized with the Yoast SEO plugin v26.8 - https:\/\/yoast.com\/product\/yoast-seo-wordpress\/ -->\n<title>Acerca de P&amp;D Northern Steels | Excelentes precios | Entrega r\u00e1pida<\/title>\n<meta name=\"description\" content=\"P&amp;D Northern Steels es una empresa que ofrece placas y servicios de calidad en el mercado de acero del Reino Unido desde hace m\u00e1s de 53 a\u00f1os.\" \/>\n<meta name=\"robots\" content=\"index, follow, max-snippet:-1, max-image-preview:large, max-video-preview:-1\" \/>\n<link rel=\"canonical\" href=\"https:\/\/pdnorthern.com\/es\/sobre-nosotras\/\" \/>\n<meta property=\"og:locale\" content=\"es_ES\" \/>\n<meta property=\"og:type\" content=\"article\" \/>\n<meta property=\"og:title\" content=\"Acerca de P&amp;D Northern Steels | Excelentes precios | Entrega r\u00e1pida\" \/>\n<meta property=\"og:description\" content=\"P&amp;D Northern Steels es una empresa que ofrece placas y servicios de calidad en el mercado de acero del Reino Unido desde hace m\u00e1s de 53 a\u00f1os.\" \/>\n<meta property=\"og:url\" content=\"https:\/\/pdnorthern.com\/es\/sobre-nosotras\/\" \/>\n<meta property=\"og:site_name\" content=\"P &amp; D Northern Steels\" \/>\n<meta property=\"article:publisher\" content=\"https:\/\/www.facebook.com\/pdnorthernsteels\/\" \/>\n<meta property=\"article:modified_time\" content=\"2025-12-11T14:14:03+00:00\" \/>\n<meta name=\"twitter:card\" content=\"summary_large_image\" \/>\n<meta name=\"twitter:site\" content=\"@PDNorthernSteel\" \/>\n<meta name=\"twitter:label1\" content=\"Tiempo de lectura\" \/>\n\t<meta name=\"twitter:data1\" content=\"1 minuto\" \/>\n<script type=\"application\/ld+json\" class=\"yoast-schema-graph\">{\"@context\":\"https:\/\/schema.org\",\"@graph\":[{\"@type\":\"WebPage\",\"@id\":\"https:\/\/pdnorthern.com\/es\/sobre-nosotras\/\",\"url\":\"https:\/\/pdnorthern.com\/es\/sobre-nosotras\/\",\"name\":\"Acerca de P&D Northern Steels | Excelentes precios | Entrega r\u00e1pida\",\"isPartOf\":{\"@id\":\"https:\/\/pdnorthern.com\/es\/#website\"},\"datePublished\":\"2023-05-16T12:08:24+00:00\",\"dateModified\":\"2025-12-11T14:14:03+00:00\",\"description\":\"P&D Northern Steels es una empresa que ofrece placas y servicios de calidad en el mercado de acero del Reino Unido desde hace m\u00e1s de 53 a\u00f1os.\",\"breadcrumb\":{\"@id\":\"https:\/\/pdnorthern.com\/es\/sobre-nosotras\/#breadcrumb\"},\"inLanguage\":\"es\",\"potentialAction\":[{\"@type\":\"ReadAction\",\"target\":[\"https:\/\/pdnorthern.com\/es\/sobre-nosotras\/\"]}]},{\"@type\":\"BreadcrumbList\",\"@id\":\"https:\/\/pdnorthern.com\/es\/sobre-nosotras\/#breadcrumb\",\"itemListElement\":[{\"@type\":\"ListItem\",\"position\":1,\"name\":\"Home\",\"item\":\"https:\/\/pdnorthern.com\/es\/\"},{\"@type\":\"ListItem\",\"position\":2,\"name\":\"Sobre nosotras\"}]},{\"@type\":\"WebSite\",\"@id\":\"https:\/\/pdnorthern.com\/es\/#website\",\"url\":\"https:\/\/pdnorthern.com\/es\/\",\"name\":\"P & D Northern Steels\",\"description\":\"Proveedor de acero\",\"potentialAction\":[{\"@type\":\"SearchAction\",\"target\":{\"@type\":\"EntryPoint\",\"urlTemplate\":\"https:\/\/pdnorthern.com\/es\/?s={search_term_string}\"},\"query-input\":{\"@type\":\"PropertyValueSpecification\",\"valueRequired\":true,\"valueName\":\"search_term_string\"}}],\"inLanguage\":\"es\"}]}<\/script>\n<!-- \/ Yoast SEO plugin. -->","yoast_head_json":{"title":"Acerca de P&D Northern Steels | Excelentes precios | Entrega r\u00e1pida","description":"P&D Northern Steels es una empresa que ofrece placas y servicios de calidad en el mercado de acero del Reino Unido desde hace m\u00e1s de 53 a\u00f1os.","robots":{"index":"index","follow":"follow","max-snippet":"max-snippet:-1","max-image-preview":"max-image-preview:large","max-video-preview":"max-video-preview:-1"},"canonical":"https:\/\/pdnorthern.com\/es\/sobre-nosotras\/","og_locale":"es_ES","og_type":"article","og_title":"Acerca de P&D Northern Steels | Excelentes precios | Entrega r\u00e1pida","og_description":"P&D Northern Steels es una empresa que ofrece placas y servicios de calidad en el mercado de acero del Reino Unido desde hace m\u00e1s de 53 a\u00f1os.","og_url":"https:\/\/pdnorthern.com\/es\/sobre-nosotras\/","og_site_name":"P &amp; D Northern Steels","article_publisher":"https:\/\/www.facebook.com\/pdnorthernsteels\/","article_modified_time":"2025-12-11T14:14:03+00:00","twitter_card":"summary_large_image","twitter_site":"@PDNorthernSteel","twitter_misc":{"Tiempo de lectura":"1 minuto"},"schema":{"@context":"https:\/\/schema.org","@graph":[{"@type":"WebPage","@id":"https:\/\/pdnorthern.com\/es\/sobre-nosotras\/","url":"https:\/\/pdnorthern.com\/es\/sobre-nosotras\/","name":"Acerca de P&D Northern Steels | Excelentes precios | Entrega r\u00e1pida","isPartOf":{"@id":"https:\/\/pdnorthern.com\/es\/#website"},"datePublished":"2023-05-16T12:08:24+00:00","dateModified":"2025-12-11T14:14:03+00:00","description":"P&D Northern Steels es una empresa que ofrece placas y servicios de calidad en el mercado de acero del Reino Unido desde hace m\u00e1s de 53 a\u00f1os.","breadcrumb":{"@id":"https:\/\/pdnorthern.com\/es\/sobre-nosotras\/#breadcrumb"},"inLanguage":"es","potentialAction":[{"@type":"ReadAction","target":["https:\/\/pdnorthern.com\/es\/sobre-nosotras\/"]}]},{"@type":"BreadcrumbList","@id":"https:\/\/pdnorthern.com\/es\/sobre-nosotras\/#breadcrumb","itemListElement":[{"@type":"ListItem","position":1,"name":"Home","item":"https:\/\/pdnorthern.com\/es\/"},{"@type":"ListItem","position":2,"name":"Sobre nosotras"}]},{"@type":"WebSite","@id":"https:\/\/pdnorthern.com\/es\/#website","url":"https:\/\/pdnorthern.com\/es\/","name":"P & D Northern Steels","description":"Proveedor de acero","potentialAction":[{"@type":"SearchAction","target":{"@type":"EntryPoint","urlTemplate":"https:\/\/pdnorthern.com\/es\/?s={search_term_string}"},"query-input":{"@type":"PropertyValueSpecification","valueRequired":true,"valueName":"search_term_string"}}],"inLanguage":"es"}]}},"_links":{"self":[{"href":"https:\/\/pdnorthern.com\/es\/wp-json\/wp\/v2\/pages\/8827","targetHints":{"allow":["GET"]}}],"collection":[{"href":"https:\/\/pdnorthern.com\/es\/wp-json\/wp\/v2\/pages"}],"about":[{"href":"https:\/\/pdnorthern.com\/es\/wp-json\/wp\/v2\/types\/page"}],"author":[{"embeddable":true,"href":"https:\/\/pdnorthern.com\/es\/wp-json\/wp\/v2\/users\/1"}],"replies":[{"embeddable":true,"href":"https:\/\/pdnorthern.com\/es\/wp-json\/wp\/v2\/comments?post=8827"}],"version-history":[{"count":1,"href":"https:\/\/pdnorthern.com\/es\/wp-json\/wp\/v2\/pages\/8827\/revisions"}],"predecessor-version":[{"id":8828,"href":"https:\/\/pdnorthern.com\/es\/wp-json\/wp\/v2\/pages\/8827\/revisions\/8828"}],"wp:attachment":[{"href":"https:\/\/pdnorthern.com\/es\/wp-json\/wp\/v2\/media?parent=8827"}],"curies":[{"name":"wp","href":"https:\/\/api.w.org\/{rel}","templated":true}]}}