

{"id":6262,"date":"2024-11-14T17:08:19","date_gmt":"2024-11-14T17:08:19","guid":{"rendered":"https:\/\/pdnorthern.com\/acionistas-de-aco\/"},"modified":"2025-03-18T16:44:02","modified_gmt":"2025-03-18T16:44:02","slug":"acionistas-de-aco","status":"publish","type":"page","link":"https:\/\/pdnorthern.com\/es\/acionistas-de-aco\/","title":{"rendered":"Accionistas del acero"},"content":{"rendered":"\n<p>R&amp;D Northern Steels es un almacenista de acero de confianza, de propiedad familiar, con una amplia experiencia que se remonta a 1972. Con sede en Oldham, Manchester, ofrecemos m\u00e1s de cinco d\u00e9cadas de experiencia en la industria del acero, brindando un servicio integral de corte de acero interno. para placas de varios espesores. Trabajamos en una variedad de sectores y ofrecemos un servicio personalizado para satisfacer sus especificaciones exactas. Ya sea un pedido peque\u00f1o o un suministro de gran volumen, nuestro equipo dedicado de expertos de la industria est\u00e1 listo para ayudar. Cont\u00e1ctenos hoy para obtener una cotizaci\u00f3n competitiva y un servicio personalizado que priorice sus necesidades.     <br\/><\/p>\n\n<h2 class=\"wp-block-heading\"><strong>Productos de acero de alta calidad. <\/strong><\/h2>\n\n<p>Como l\u00edderes de la industria <a href=\"https:\/\/pdnorthern.com\/about-p-and-d-northern-steels\/steel-stockist\/\">sider\u00fargica<\/a>, nos enorgullecemos de ofrecer una amplia gama de productos de m\u00e1xima calidad dise\u00f1ados para satisfacer exactamente tus necesidades. Nuestro compromiso con la calidad significa que s\u00f3lo nos abastecemos del mejor acero, garantizando que cada producto que suministramos est\u00e1 hecho para durar. Ofrecemos los siguientes productos:   <\/p>\n\n<ul class=\"wp-block-list\">\n<li><a href=\"https:\/\/pdnorthern.com\/category\/pressure-vessel-steel-supplier\/\">Recipiente a presi\u00f3n de acero<\/a><\/li>\n\n\n\n<li><a href=\"https:\/\/pdnorthern.com\/category\/structural-steel-supplier\/\">Acero estructural<\/a><\/li>\n\n\n\n<li><a href=\"https:\/\/pdnorthern.com\/category\/offshore-steel-supplier\/\">Acero offshore<\/a><\/li>\n\n\n\n<li><a href=\"https:\/\/pdnorthern.com\/category\/high-carbon-steel-supplier\/\">Acero con alto contenido en carbono<\/a><\/li>\n\n\n\n<li><a href=\"https:\/\/pdnorthern.com\/category\/wear-plate-abrasion-resistant-steel-supplier\/\">Chapa anticorrosi\u00f3n &#8211; Acero resistente a la corrosi\u00f3n<\/a><\/li>\n\n\n\n<li><a href=\"https:\/\/pdnorthern.com\/category\/weathering-steel-supplier\/\">Acero resistente a la intemperie<\/a><\/li>\n\n\n\n<li><a href=\"https:\/\/pdnorthern.com\/category\/high-strength-steel-supplier\/\">Acero de alta resistencia<\/a><\/li>\n<\/ul>\n\n<figure class=\"wp-block-image size-full\"><img loading=\"lazy\" decoding=\"async\" width=\"600\" height=\"400\" src=\"https:\/\/pdnorthern.com\/wp-content\/uploads\/2024\/11\/steel-stockholders.webp\" alt=\"Accionistas del acero\" class=\"wp-image-4955\" srcset=\"https:\/\/pdnorthern.com\/wp-content\/uploads\/2024\/11\/steel-stockholders.webp 600w, https:\/\/pdnorthern.com\/wp-content\/uploads\/2024\/11\/steel-stockholders-300x200.webp 300w\" sizes=\"auto, (max-width: 600px) 100vw, 600px\" \/><\/figure>\n\n<p><\/p>\n\n<h2 class=\"wp-block-heading\"><strong>Servicio r\u00e1pido y fiable<\/strong><\/h2>\n\n<p>A lo largo de los a\u00f1os, hemos optimizado nuestros servicios \u00e1giles y orientados al cliente. Siendo la rapidez y la fiabilidad dos de nuestras principales prioridades, los clientes de todo el Reino Unido est\u00e1n siempre satisfechos con <a href=\"https:\/\/pdnorthern.com\/services\/\">nuestros servicios<\/a>. Somos un fabricante de acero que pone al cliente en primer lugar. Algunos ejemplos de sectores en los que prestamos este servicio personalizado son:    <\/p>\n\n<ul class=\"wp-block-list\">\n<li><a href=\"https:\/\/pdnorthern.com\/sectors\/steel-for-the-mining-industry\/\">Miner\u00eda<\/a>: El acero desempe\u00f1a un papel crucial en la extracci\u00f3n y transformaci\u00f3n de minerales y recursos preciosos.<\/li>\n\n\n\n<li><a href=\"https:\/\/pdnorthern.com\/sectors\/steel-for-the-offshore-industry\/\">Estructuras marinas<\/a>: Como las estructuras de este sector tienen que funcionar en algunas de las condiciones meteorol\u00f3gicas m\u00e1s duras, el acero suele ser la opci\u00f3n preferida. <\/li>\n\n\n\n<li><a href=\"https:\/\/pdnorthern.com\/sectors\/steel-for-the-construction-industry\/\">Construcci\u00f3n<\/a>: El acero se utiliza a menudo para crear estructuras fuertes y flexibles. <\/li>\n\n\n\n<li><a href=\"https:\/\/pdnorthern.com\/sectors\/steel-for-the-quarrying-industry\/\">Canteras<\/a>: Todos los aspectos de la explotaci\u00f3n de canteras requieren estructuras duraderas que nuestro acero puede proporcionar. <\/li>\n\n\n\n<li><a href=\"https:\/\/pdnorthern.com\/steel-for-the-nuclear-industry\/\">Energ\u00eda nuclear<\/a>: Desde las vasijas de los reactores hasta los tubos y la clasificaci\u00f3n del combustible, el acero desempe\u00f1a un papel crucial en la industria nuclear. <\/li>\n<\/ul>\n\n<h2 class=\"wp-block-heading\"><strong>Normas excepcionales<\/strong><\/h2>\n\n<p><br\/>En I+D Aceros del Norte somos reconocidos por nuestros excepcionales est\u00e1ndares. <a href=\"https:\/\/pdnorthern.com\/about-p-and-d-northern-steels\/quality\/\">Nuestros certificados de calidad<\/a> demuestran que nuestra amplia gama de productos de acero procede de proveedores de confianza y se fabrica conforme a las normas industriales m\u00e1s exigentes. Cada pieza se somete a rigurosas pruebas para garantizar su durabilidad y fiabilidad. Como empresa familiar, nuestro servicio de atenci\u00f3n al cliente tambi\u00e9n se dedica a proporcionar orientaci\u00f3n experta y capacidad de respuesta.   <\/p>\n\n<h3 class=\"wp-block-heading\"><strong>Contacta con nosotros <\/strong><\/h3>\n\n<p>Como empresa l\u00edder en el Reino Unido que opera desde hace m\u00e1s de 50 a\u00f1os, nuestro equipo est\u00e1 preparado para satisfacer todas tus necesidades de acero. Para hablar con uno de nuestros especialistas en acero, llama al 01706 848811 o rellena el formulario de contacto utilizando el bot\u00f3n de abajo.  <\/p>\n\n<h3 class=\"wp-block-heading\"><strong>Mantente al d\u00eda de los \u00faltimos avances en la materia <\/strong><\/h3>\n\n<p>Si te interesa saber qu\u00e9 ocurre en el mundo de los accionistas del acero, consulta <a href=\"https:\/\/pdnorthern.com\/about-p-and-d-northern-steels\/blog\/\">nuestro blog<\/a>. Tambi\u00e9n tenemos una p\u00e1gina dedicada <a href=\"https:\/\/pdnorthern.com\/faqs\/\">a las preguntas m\u00e1s frecuentes<\/a>, en la que se responden \u00edntegramente muchas de las preguntas m\u00e1s frecuentes.  <\/p>\n\n<div class=\"wp-block-contact-form-7-contact-form-selector\"><p class=\"wpcf7-contact-form-not-found\"><strong>Error:<\/strong> Formulario de contacto no encontrado.<\/p><\/div>\n","protected":false},"excerpt":{"rendered":"<p>R&amp;D Northern Steels es un almacenista de acero de confianza, de propiedad familiar, con una amplia experiencia que se remonta a 1972. Con sede en Oldham, Manchester, ofrecemos m\u00e1s de cinco d\u00e9cadas de experiencia en la industria del acero, brindando un servicio integral de corte de acero interno. para placas de varios espesores. Trabajamos en&#8230; Read more<\/p>\n","protected":false},"author":7,"featured_media":0,"parent":0,"menu_order":0,"comment_status":"closed","ping_status":"closed","template":"","meta":{"_acf_changed":false,"footnotes":""},"class_list":["post-6262","page","type-page","status-publish","hentry"],"acf":[],"yoast_head":"<!-- This site is optimized with the Yoast SEO plugin v26.8 - https:\/\/yoast.com\/product\/yoast-seo-wordpress\/ -->\n<title>Accionistas del acero - P &amp; D Northern Steels<\/title>\n<meta name=\"description\" content=\"Como uno de los principales almacenistas de acero del Reino Unido, R&amp;D Northern Steels proporciona una entrega r\u00e1pida y fiable para todas tus necesidades de acero. Ponte en contacto con nosotros hoy mismo.\" \/>\n<meta name=\"robots\" content=\"index, follow, max-snippet:-1, max-image-preview:large, max-video-preview:-1\" \/>\n<link rel=\"canonical\" href=\"https:\/\/pdnorthern.com\/es\/acionistas-de-aco\/\" \/>\n<meta property=\"og:locale\" content=\"es_ES\" \/>\n<meta property=\"og:type\" content=\"article\" \/>\n<meta property=\"og:title\" content=\"Accionistas del acero - P &amp; D Northern Steels\" \/>\n<meta property=\"og:description\" content=\"Como uno de los principales almacenistas de acero del Reino Unido, R&amp;D Northern Steels proporciona una entrega r\u00e1pida y fiable para todas tus necesidades de acero. Ponte en contacto con nosotros hoy mismo.\" \/>\n<meta property=\"og:url\" content=\"https:\/\/pdnorthern.com\/es\/acionistas-de-aco\/\" \/>\n<meta property=\"og:site_name\" content=\"P &amp; D Northern Steels\" \/>\n<meta property=\"article:publisher\" content=\"https:\/\/www.facebook.com\/pdnorthernsteels\/\" \/>\n<meta property=\"article:modified_time\" content=\"2025-03-18T16:44:02+00:00\" \/>\n<meta property=\"og:image\" content=\"https:\/\/pdnorthern.com\/wp-content\/uploads\/2024\/11\/steel-stockholders.webp\" \/>\n\t<meta property=\"og:image:width\" content=\"600\" \/>\n\t<meta property=\"og:image:height\" content=\"400\" \/>\n\t<meta property=\"og:image:type\" content=\"image\/webp\" \/>\n<meta name=\"twitter:card\" content=\"summary_large_image\" \/>\n<meta name=\"twitter:site\" content=\"@PDNorthernSteel\" \/>\n<meta name=\"twitter:label1\" content=\"Tiempo de lectura\" \/>\n\t<meta name=\"twitter:data1\" content=\"3 minutos\" \/>\n<script type=\"application\/ld+json\" class=\"yoast-schema-graph\">{\"@context\":\"https:\/\/schema.org\",\"@graph\":[{\"@type\":\"WebPage\",\"@id\":\"https:\/\/pdnorthern.com\/es\/acionistas-de-aco\/\",\"url\":\"https:\/\/pdnorthern.com\/es\/acionistas-de-aco\/\",\"name\":\"Accionistas del acero - P &amp; D Northern Steels\",\"isPartOf\":{\"@id\":\"https:\/\/pdnorthern.com\/es\/#website\"},\"primaryImageOfPage\":{\"@id\":\"https:\/\/pdnorthern.com\/es\/acionistas-de-aco\/#primaryimage\"},\"image\":{\"@id\":\"https:\/\/pdnorthern.com\/es\/acionistas-de-aco\/#primaryimage\"},\"thumbnailUrl\":\"https:\/\/pdnorthern.com\/wp-content\/uploads\/2024\/11\/steel-stockholders.webp\",\"datePublished\":\"2024-11-14T17:08:19+00:00\",\"dateModified\":\"2025-03-18T16:44:02+00:00\",\"description\":\"Como uno de los principales almacenistas de acero del Reino Unido, R&D Northern Steels proporciona una entrega r\u00e1pida y fiable para todas tus necesidades de acero. Ponte en contacto con nosotros hoy mismo.\",\"breadcrumb\":{\"@id\":\"https:\/\/pdnorthern.com\/es\/acionistas-de-aco\/#breadcrumb\"},\"inLanguage\":\"es\",\"potentialAction\":[{\"@type\":\"ReadAction\",\"target\":[\"https:\/\/pdnorthern.com\/es\/acionistas-de-aco\/\"]}]},{\"@type\":\"ImageObject\",\"inLanguage\":\"es\",\"@id\":\"https:\/\/pdnorthern.com\/es\/acionistas-de-aco\/#primaryimage\",\"url\":\"https:\/\/pdnorthern.com\/wp-content\/uploads\/2024\/11\/steel-stockholders.webp\",\"contentUrl\":\"https:\/\/pdnorthern.com\/wp-content\/uploads\/2024\/11\/steel-stockholders.webp\"},{\"@type\":\"BreadcrumbList\",\"@id\":\"https:\/\/pdnorthern.com\/es\/acionistas-de-aco\/#breadcrumb\",\"itemListElement\":[{\"@type\":\"ListItem\",\"position\":1,\"name\":\"Home\",\"item\":\"https:\/\/pdnorthern.com\/es\/\"},{\"@type\":\"ListItem\",\"position\":2,\"name\":\"Accionistas del acero\"}]},{\"@type\":\"WebSite\",\"@id\":\"https:\/\/pdnorthern.com\/es\/#website\",\"url\":\"https:\/\/pdnorthern.com\/es\/\",\"name\":\"P & D Northern Steels\",\"description\":\"Proveedor de acero\",\"potentialAction\":[{\"@type\":\"SearchAction\",\"target\":{\"@type\":\"EntryPoint\",\"urlTemplate\":\"https:\/\/pdnorthern.com\/es\/?s={search_term_string}\"},\"query-input\":{\"@type\":\"PropertyValueSpecification\",\"valueRequired\":true,\"valueName\":\"search_term_string\"}}],\"inLanguage\":\"es\"}]}<\/script>\n<!-- \/ Yoast SEO plugin. -->","yoast_head_json":{"title":"Accionistas del acero - P &amp; D Northern Steels","description":"Como uno de los principales almacenistas de acero del Reino Unido, R&D Northern Steels proporciona una entrega r\u00e1pida y fiable para todas tus necesidades de acero. Ponte en contacto con nosotros hoy mismo.","robots":{"index":"index","follow":"follow","max-snippet":"max-snippet:-1","max-image-preview":"max-image-preview:large","max-video-preview":"max-video-preview:-1"},"canonical":"https:\/\/pdnorthern.com\/es\/acionistas-de-aco\/","og_locale":"es_ES","og_type":"article","og_title":"Accionistas del acero - P &amp; D Northern Steels","og_description":"Como uno de los principales almacenistas de acero del Reino Unido, R&D Northern Steels proporciona una entrega r\u00e1pida y fiable para todas tus necesidades de acero. Ponte en contacto con nosotros hoy mismo.","og_url":"https:\/\/pdnorthern.com\/es\/acionistas-de-aco\/","og_site_name":"P &amp; D Northern Steels","article_publisher":"https:\/\/www.facebook.com\/pdnorthernsteels\/","article_modified_time":"2025-03-18T16:44:02+00:00","og_image":[{"width":600,"height":400,"url":"https:\/\/pdnorthern.com\/wp-content\/uploads\/2024\/11\/steel-stockholders.webp","type":"image\/webp"}],"twitter_card":"summary_large_image","twitter_site":"@PDNorthernSteel","twitter_misc":{"Tiempo de lectura":"3 minutos"},"schema":{"@context":"https:\/\/schema.org","@graph":[{"@type":"WebPage","@id":"https:\/\/pdnorthern.com\/es\/acionistas-de-aco\/","url":"https:\/\/pdnorthern.com\/es\/acionistas-de-aco\/","name":"Accionistas del acero - P &amp; D Northern Steels","isPartOf":{"@id":"https:\/\/pdnorthern.com\/es\/#website"},"primaryImageOfPage":{"@id":"https:\/\/pdnorthern.com\/es\/acionistas-de-aco\/#primaryimage"},"image":{"@id":"https:\/\/pdnorthern.com\/es\/acionistas-de-aco\/#primaryimage"},"thumbnailUrl":"https:\/\/pdnorthern.com\/wp-content\/uploads\/2024\/11\/steel-stockholders.webp","datePublished":"2024-11-14T17:08:19+00:00","dateModified":"2025-03-18T16:44:02+00:00","description":"Como uno de los principales almacenistas de acero del Reino Unido, R&D Northern Steels proporciona una entrega r\u00e1pida y fiable para todas tus necesidades de acero. Ponte en contacto con nosotros hoy mismo.","breadcrumb":{"@id":"https:\/\/pdnorthern.com\/es\/acionistas-de-aco\/#breadcrumb"},"inLanguage":"es","potentialAction":[{"@type":"ReadAction","target":["https:\/\/pdnorthern.com\/es\/acionistas-de-aco\/"]}]},{"@type":"ImageObject","inLanguage":"es","@id":"https:\/\/pdnorthern.com\/es\/acionistas-de-aco\/#primaryimage","url":"https:\/\/pdnorthern.com\/wp-content\/uploads\/2024\/11\/steel-stockholders.webp","contentUrl":"https:\/\/pdnorthern.com\/wp-content\/uploads\/2024\/11\/steel-stockholders.webp"},{"@type":"BreadcrumbList","@id":"https:\/\/pdnorthern.com\/es\/acionistas-de-aco\/#breadcrumb","itemListElement":[{"@type":"ListItem","position":1,"name":"Home","item":"https:\/\/pdnorthern.com\/es\/"},{"@type":"ListItem","position":2,"name":"Accionistas del acero"}]},{"@type":"WebSite","@id":"https:\/\/pdnorthern.com\/es\/#website","url":"https:\/\/pdnorthern.com\/es\/","name":"P & D Northern Steels","description":"Proveedor de acero","potentialAction":[{"@type":"SearchAction","target":{"@type":"EntryPoint","urlTemplate":"https:\/\/pdnorthern.com\/es\/?s={search_term_string}"},"query-input":{"@type":"PropertyValueSpecification","valueRequired":true,"valueName":"search_term_string"}}],"inLanguage":"es"}]}},"_links":{"self":[{"href":"https:\/\/pdnorthern.com\/es\/wp-json\/wp\/v2\/pages\/6262","targetHints":{"allow":["GET"]}}],"collection":[{"href":"https:\/\/pdnorthern.com\/es\/wp-json\/wp\/v2\/pages"}],"about":[{"href":"https:\/\/pdnorthern.com\/es\/wp-json\/wp\/v2\/types\/page"}],"author":[{"embeddable":true,"href":"https:\/\/pdnorthern.com\/es\/wp-json\/wp\/v2\/users\/7"}],"replies":[{"embeddable":true,"href":"https:\/\/pdnorthern.com\/es\/wp-json\/wp\/v2\/comments?post=6262"}],"version-history":[{"count":3,"href":"https:\/\/pdnorthern.com\/es\/wp-json\/wp\/v2\/pages\/6262\/revisions"}],"predecessor-version":[{"id":7162,"href":"https:\/\/pdnorthern.com\/es\/wp-json\/wp\/v2\/pages\/6262\/revisions\/7162"}],"wp:attachment":[{"href":"https:\/\/pdnorthern.com\/es\/wp-json\/wp\/v2\/media?parent=6262"}],"curies":[{"name":"wp","href":"https:\/\/api.w.org\/{rel}","templated":true}]}}